{"id":3035,"date":"2021-05-20T08:35:20","date_gmt":"2021-05-20T14:35:20","guid":{"rendered":"https:\/\/buildinghopesummit.org\/?page_id=3035"},"modified":"2021-06-10T01:31:59","modified_gmt":"2021-06-10T07:31:59","slug":"cary-marsha-cooper","status":"publish","type":"page","link":"https:\/\/buildinghopesummit.org\/es\/faces-of-hope\/cary-marsha-cooper\/","title":{"rendered":"Cary y Marsha Cooper"},"content":{"rendered":"<p style=\"margin-bottom:20px;\"><a href=\"https:\/\/buildinghopesummit.org\/es\/faces-of-hope\/\">\u2b05 Volver a Rostros de la Esperanza<\/a><\/p>\n<p><img data-recalc-dims=\"1\" loading=\"lazy\" decoding=\"async\" data-attachment-id=\"3067\" data-permalink=\"https:\/\/buildinghopesummit.org\/es\/faces-of-hope\/cary-marsha-cooper\/cary_page\/\" data-orig-file=\"https:\/\/i0.wp.com\/buildinghopesummit.org\/wp-content\/uploads\/2021\/05\/cary_page.jpg?fit=324%2C252&amp;ssl=1\" data-orig-size=\"324,252\" data-comments-opened=\"1\" data-image-meta=\"{&quot;aperture&quot;:&quot;0&quot;,&quot;credit&quot;:&quot;&quot;,&quot;camera&quot;:&quot;&quot;,&quot;caption&quot;:&quot;&quot;,&quot;created_timestamp&quot;:&quot;0&quot;,&quot;copyright&quot;:&quot;&quot;,&quot;focal_length&quot;:&quot;0&quot;,&quot;iso&quot;:&quot;0&quot;,&quot;shutter_speed&quot;:&quot;0&quot;,&quot;title&quot;:&quot;&quot;,&quot;orientation&quot;:&quot;1&quot;}\" data-image-title=\"cary_page\" data-image-description=\"\" data-image-caption=\"\" data-large-file=\"https:\/\/i0.wp.com\/buildinghopesummit.org\/wp-content\/uploads\/2021\/05\/cary_page.jpg?fit=324%2C252&amp;ssl=1\" class=\"alignright wp-image-3067\" src=\"https:\/\/i0.wp.com\/buildinghopesummit.org\/wp-content\/uploads\/2021\/05\/cary_page.jpg?resize=414%2C322&#038;ssl=1\" alt=\"\" width=\"414\" height=\"322\" srcset=\"https:\/\/i0.wp.com\/buildinghopesummit.org\/wp-content\/uploads\/2021\/05\/cary_page.jpg?w=324&amp;ssl=1 324w, https:\/\/i0.wp.com\/buildinghopesummit.org\/wp-content\/uploads\/2021\/05\/cary_page.jpg?resize=300%2C233&amp;ssl=1 300w, https:\/\/i0.wp.com\/buildinghopesummit.org\/wp-content\/uploads\/2021\/05\/cary_page.jpg?resize=15%2C12&amp;ssl=1 15w\" sizes=\"(max-width: 414px) 100vw, 414px\" \/>Para Cary y Marsha Cooper, la curaci\u00f3n de la p\u00e9rdida de su hijo, Glenn, ha supuesto centrarse en la vida exuberante y vital que vivi\u00f3 en lugar de en la forma en que muri\u00f3 a los 44 a\u00f1os. Cada a\u00f1o, en el aniversario de su suicidio, van a un lugar muy querido en el sendero de Sallie Barber. Es un lugar al que han ido de excursi\u00f3n innumerables veces durante sus veinte a\u00f1os en Breckenridge, a veces con \u00e9l a su lado. Sienten su esp\u00edritu aqu\u00ed, y pasan tiempo reflexionando sobre la generosa vida que vivi\u00f3 y los innumerables momentos de alegr\u00eda que compartieron. Piensan en lo mucho que le quer\u00edan y en lo mucho que le echan de menos. Y luego, intentan seguir adelante.<\/p>\n<p>&nbsp;<\/p>\n<p>\"No creo que me cure nunca, si curarse significa no tener momentos de gran tristeza y sentimientos de gran p\u00e9rdida\", dice Cary. \"Si curarse significa no dejar que el suicidio de Glenn destruya la maravillosa vida que Marsha y yo tenemos juntos, entonces me he curado desde el momento en que nos dimos cuenta de que hab\u00edamos sufrido una terrible tragedia, y de que pod\u00eda arruinar nuestra vida si se lo permit\u00edamos. Juramos no dejar que eso nos sucediera. Hacerlo no ser\u00eda justo para nuestra hija, para nuestros nietos o para la vida que Glenn vivi\u00f3\".<\/p>\n<p>&nbsp;<\/p>\n<p>En los d\u00edas siguientes a la muerte de Glenn, Marsha iba a menudo a una clase de spinning en Santa M\u00f3nica, donde Glenn viv\u00eda con su familia.  Era una clase a la que hab\u00eda asistido ocasionalmente con Glenn; volver a ella a diario las primeras semanas despu\u00e9s de su muerte la ayud\u00f3 a encontrar la liberaci\u00f3n y la sensaci\u00f3n de su presencia.  A menudo, sent\u00eda que \u00e9l la esperaba en la cima de una gran colina, anim\u00e1ndola a llegar a la cima y unirse a \u00e9l.<\/p>\n<p>Tres semanas despu\u00e9s de su muerte, esta visi\u00f3n cambi\u00f3 de repente: Glenn estaba de pie al principio de la escalada en lugar de en la cima, con las manos en los bolsillos. Marsha le mir\u00f3 varias veces mientras sub\u00eda; \u00e9l no se movi\u00f3. La \u00faltima vez que mir\u00f3 hacia atr\u00e1s, \u00e9l sac\u00f3 las manos de los bolsillos, le dio un beso y le dijo adi\u00f3s con la mano. Llorando, Marsha subi\u00f3 sola el resto de la dif\u00edcil colina.<\/p>\n<p>&nbsp;<\/p>\n<p>\"La imagen de ese paseo, en la ma\u00f1ana de mis 70<sup>th<\/sup> cumplea\u00f1os, es una met\u00e1fora poderosa y significativa para m\u00ed\", escribi\u00f3 en una carta a sus familiares y amigos ese mismo d\u00eda. \"Lo veo como el comienzo de mi liberaci\u00f3n de Glenn y de mi avance. Quiz\u00e1s ese fue su regalo de cumplea\u00f1os para m\u00ed. Me gusta pensar que s\u00ed\".<\/p>\n<p>&nbsp;<\/p>\n<p>-------------------------------------<\/p>\n<p>&nbsp;<\/p>\n<p>Tanto Cary como Marsha reconocieron la importancia de encontrar formas saludables de superar su intenso dolor desde el principio; el proceso ha sido un viaje \u00fanico para cada uno. Como ocurre con muchos supervivientes del suicidio de un familiar, su duelo tambi\u00e9n se complica por las preguntas que quedan sin respuesta.<\/p>\n<p>&nbsp;<\/p>\n<p>\"Glenn amaba la vida y la viv\u00eda plenamente\", dice Marsha. Una y otra vez, los elogios de su funeral daban fe de esta vitalidad, as\u00ed como de su inteligencia, su sentido de la diversi\u00f3n, su gran coraz\u00f3n y su profunda generosidad. Compartieron recuerdos de los muchos fines de semana que la familia pas\u00f3 en el lago Arrowhead, en California, donde Glenn fue el l\u00edder de innumerables y animadas aventuras. Los amigos de la infancia, a los que Glenn retuvo de por vida, compartieron historias de las fiestas de pijamas, las reuniones multifamiliares, las fiestas universitarias en la Universidad de Pensilvania, donde Glenn se gradu\u00f3 Magna Cum Laude con doble titulaci\u00f3n en la respetada Wharton School en 1990.<\/p>\n<p>&nbsp;<\/p>\n<p>Muchos tambi\u00e9n compartieron recuerdos de Glenn como adulto, profundamente enamorado de su esposa y padre de dos queridas hijas; recordaron a Glenn como el querido t\u00edo honorario de los hijos de innumerables amigos, y la roca siempre firme para los amigos que luchaban contra sus propios problemas.<\/p>\n<p>&nbsp;<\/p>\n<p>\"Para muchos de nosotros, has sido un ancla\", escribi\u00f3 un amigo cercano. \"Que yo, que todos nosotros, no hayamos sido capaces de anclarte al final, me llena de una tristeza indecible\".<\/p>\n<p>&nbsp;<\/p>\n<p><b>EL DESAF\u00cdO DE LA ENFERMEDAD<\/b><\/p>\n<p>&nbsp;<\/p>\n<p>Entre las muchas historias que compart\u00edan la chispa vital de Glenn, varias compart\u00edan tambi\u00e9n una visi\u00f3n de las luchas ocasionales que experimentaba, de las que hablaba abiertamente. De adulto, tuvo varios episodios depresivos, el primero en respuesta a una inversi\u00f3n a principios de la d\u00e9cada de 2000 y otro varios a\u00f1os despu\u00e9s. En cada uno de ellos, reconoci\u00f3 su necesidad de ayuda, se puso en contacto con un terapeuta y tom\u00f3 la medicaci\u00f3n que estabiliz\u00f3 su depresi\u00f3n en un a\u00f1o.<\/p>\n<p>En gran parte, esta franqueza es la raz\u00f3n por la que su suicidio fue incomprensible para su familia y amigos. Glenn no dej\u00f3 ninguna nota explicando su decisi\u00f3n. Hab\u00eda hablado con su mujer por tel\u00e9fono poco antes de quitarse la vida; no hab\u00eda ning\u00fan indicio de que estuviera angustiado. Despu\u00e9s de su muerte, Cary repas\u00f3 las conversaciones que mantuvieron en los meses anteriores al suicidio y se pregunt\u00f3 si habr\u00eda habido indicios. Y aunque es profundamente consciente de que la muerte de su hijo fue el tr\u00e1gico resultado final de una enfermedad que no pod\u00eda controlar, sigue luchando por dejar atr\u00e1s la sensaci\u00f3n de que podr\u00eda haber hecho algo para evitarlo.<\/p>\n<p>&nbsp;<\/p>\n<p>\"Nada me ha hecho m\u00e1s humilde como padre\", dice Cary. \"Siempre pens\u00e9 que Marsha y yo \u00e9ramos los mejores padres que pod\u00edamos ser, y las vidas que llevaban nuestros hijos respaldaban esa proposici\u00f3n. El suicidio de Glenn cambi\u00f3 mi forma de sentir, lo que me hace creer en alg\u00fan nivel que su suicidio reflejaba una debilidad en \u00e9l... o en m\u00ed como padre.\"<\/p>\n<p>&nbsp;<\/p>\n<p>Marsha cree que la decisi\u00f3n de Glenn fue probablemente el resultado de la desafortunada coincidencia de acontecimientos. Aunque su negocio estaba creciendo, experiment\u00f3 momentos de estr\u00e9s, se volvi\u00f3 sintom\u00e1tico y pidi\u00f3 ayuda profesional. Sin embargo, en el momento de su \u00faltimo episodio, las llamadas de Glenn quedaron sin respuesta. Su psiquiatra hab\u00eda fallecido y no se lo notificaron. Su m\u00e9dico de cabecera renov\u00f3 la prescripci\u00f3n anterior y aprob\u00f3 un aumento de la dosis. Marsha se pregunta si, en combinaci\u00f3n con su importante estr\u00e9s, el medicamento puede haber creado un evento psic\u00f3tico y haber sido un factor en su decisi\u00f3n de quitarse la vida.<\/p>\n<p>&nbsp;<\/p>\n<p>-----------------------------------------------<\/p>\n<p>&nbsp;<\/p>\n<p>Cary y Marsha pasaron un mes en Los \u00c1ngeles con su familia despu\u00e9s del funeral de Glenn. All\u00ed hab\u00edan criado a Glenn y a su hermana Erin, y tambi\u00e9n hab\u00edan pasado all\u00ed toda su vida profesional -Cary como socio de un bufete de abogados y Marsha como educadora- antes de jubilarse en Breckenridge en 1996. Cuando volvieron a su casa en el condado de Summit, decidieron organizar una jornada de puertas abiertas para su c\u00edrculo de amigos de Colorado.<\/p>\n<p>&nbsp;<\/p>\n<p>\"Fue una decisi\u00f3n consciente\", dice Marsha. \"Quer\u00edamos reincorporarnos a nuestra comunidad y a nuestras vidas sin problemas y nos preocupaba que ver a los amigos y conocidos individualmente durante un largo periodo de tiempo pudiera ser doloroso. La reuni\u00f3n fue dif\u00edcil, pero tambi\u00e9n fue c\u00e1lida y cari\u00f1osa e hizo m\u00e1s f\u00e1cil nuestra vuelta a casa.\"<i><\/i><\/p>\n<p>&nbsp;<\/p>\n<p>&nbsp;<\/p>\n<p><b>\u00a0<\/b><\/p>\n<p><b>\u00a0<\/b><\/p>\n<p><b>SANACI\u00d3N<\/b><\/p>\n<p><b>\u00a0<\/b><\/p>\n<p>En su casa de Breckenridge, los Cooper guardan un preciado libro de tapa dura al que han llamado \"On The Road\". El libro es una recopilaci\u00f3n de las cartas que Cary escribi\u00f3 a su familia durante un viaje de cinco meses que la familia realiz\u00f3 en 1979 por Estados Unidos en una furgoneta Dodge transformada. A ese viaje le sigui\u00f3 otro de seis meses sab\u00e1ticos alrededor del mundo varios a\u00f1os despu\u00e9s. Entre los recuerdos m\u00e1s preciados que guarda Cary en su escritorio hay dos fotos de s\u00ed mismo con Glenn, una de este segundo viaje y otra de Telluride, donde Glenn pas\u00f3 un a\u00f1o como vagabundo de esqu\u00ed despu\u00e9s de la universidad. Las fotos son \"un recuerdo de lo mucho que nos quer\u00edamos, de los muy buenos momentos que pasamos juntos y de la suerte que tuve de tenerlo en mi vida\", dice Cary. \"Echo de menos su presencia. Hablaba con \u00e9l todos los d\u00edas. Me encantaba que fuera mi mejor amigo. Echo de menos verle interactuar con sus hijas; echo de menos ver su evidente orgullo por ellas. Echo de menos verle disfrutar de su vida .... Vivir la vida como lo hac\u00edamos antes del suicidio de Glenn es lo que me ha permitido seguir siendo la persona que era antes de su muerte.\"<\/p>\n<p>&nbsp;<\/p>\n<p>\"La vida es fr\u00e1gil y ahora s\u00e9 que tambi\u00e9n es impredecible\", dice Marsha. \"La muerte de Glenn ha subrayado una creencia fundamental m\u00eda de que somos capaces de superar casi todo lo que la vida pone en nuestro camino reconoci\u00e9ndolo, acept\u00e1ndolo, sinti\u00e9ndolo y sabiendo que, con el tiempo, sentiremos el calor del sol y otro hermoso d\u00eda\".<\/p>\n<p>&nbsp;<\/p>\n<p>Este optimismo de Marsha es una caracter\u00edstica que su hijo conoc\u00eda bien. En una carta que Marsha y Cary enviaron a familiares y amigos un a\u00f1o despu\u00e9s de su muerte, escribieron:<\/p>\n<p>&nbsp;<\/p>\n<p>\"Podemos o\u00edr ahora a Glenn, burl\u00e1ndose de Marsha por buscar siempre lo positivo en todo. '\u00a1Incre\u00edble, mam\u00e1!', dec\u00eda. S\u00ed, tal vez incre\u00edble, pero esto es lo que encontramos, y nos da paz\".<\/p>","protected":false},"excerpt":{"rendered":"<p>\u2b05 Back to\u00a0Faces of Hope For Cary and Marsha Cooper, healing from the loss of their son, Glenn, has meant focusing on the exuberant and vital life he lived instead [&hellip;]<\/p>\n","protected":false},"author":203041127,"featured_media":3067,"parent":2983,"menu_order":0,"comment_status":"closed","ping_status":"closed","template":"","meta":{"_et_pb_use_builder":"","_et_pb_old_content":"","_et_gb_content_width":"","advanced_seo_description":"","jetpack_seo_html_title":"","jetpack_seo_noindex":false,"footnotes":""},"class_list":["post-3035","page","type-page","status-publish","has-post-thumbnail","hentry"],"jetpack_likes_enabled":true,"jetpack_sharing_enabled":true,"jetpack_shortlink":"https:\/\/wp.me\/PcRpks-MX","_links":{"self":[{"href":"https:\/\/buildinghopesummit.org\/es\/wp-json\/wp\/v2\/pages\/3035","targetHints":{"allow":["GET"]}}],"collection":[{"href":"https:\/\/buildinghopesummit.org\/es\/wp-json\/wp\/v2\/pages"}],"about":[{"href":"https:\/\/buildinghopesummit.org\/es\/wp-json\/wp\/v2\/types\/page"}],"author":[{"embeddable":true,"href":"https:\/\/buildinghopesummit.org\/es\/wp-json\/wp\/v2\/users\/203041127"}],"replies":[{"embeddable":true,"href":"https:\/\/buildinghopesummit.org\/es\/wp-json\/wp\/v2\/comments?post=3035"}],"version-history":[{"count":5,"href":"https:\/\/buildinghopesummit.org\/es\/wp-json\/wp\/v2\/pages\/3035\/revisions"}],"predecessor-version":[{"id":3973,"href":"https:\/\/buildinghopesummit.org\/es\/wp-json\/wp\/v2\/pages\/3035\/revisions\/3973"}],"up":[{"embeddable":true,"href":"https:\/\/buildinghopesummit.org\/es\/wp-json\/wp\/v2\/pages\/2983"}],"wp:featuredmedia":[{"embeddable":true,"href":"https:\/\/buildinghopesummit.org\/es\/wp-json\/wp\/v2\/media\/3067"}],"wp:attachment":[{"href":"https:\/\/buildinghopesummit.org\/es\/wp-json\/wp\/v2\/media?parent=3035"}],"curies":[{"name":"wp","href":"https:\/\/api.w.org\/{rel}","templated":true}]}}