{"id":3044,"date":"2021-05-20T08:39:48","date_gmt":"2021-05-20T14:39:48","guid":{"rendered":"https:\/\/buildinghopesummit.org\/?page_id=3044"},"modified":"2021-06-02T22:20:59","modified_gmt":"2021-06-03T04:20:59","slug":"hype","status":"publish","type":"page","link":"https:\/\/buildinghopesummit.org\/es\/hype\/","title":{"rendered":"El programa HYPE - Conexi\u00f3n con los j\u00f3venes"},"content":{"rendered":"<p><img data-recalc-dims=\"1\" loading=\"lazy\" decoding=\"async\" data-attachment-id=\"3195\" data-permalink=\"https:\/\/buildinghopesummit.org\/es\/hype\/the_hype_logo_webpage_233px_height\/\" data-orig-file=\"https:\/\/i0.wp.com\/buildinghopesummit.org\/wp-content\/uploads\/2021\/05\/The_HYPE_logo_webpage_233px_height.png?fit=1196%2C233&amp;ssl=1\" data-orig-size=\"1196,233\" data-comments-opened=\"1\" data-image-meta=\"{&quot;aperture&quot;:&quot;0&quot;,&quot;credit&quot;:&quot;&quot;,&quot;camera&quot;:&quot;&quot;,&quot;caption&quot;:&quot;&quot;,&quot;created_timestamp&quot;:&quot;0&quot;,&quot;copyright&quot;:&quot;&quot;,&quot;focal_length&quot;:&quot;0&quot;,&quot;iso&quot;:&quot;0&quot;,&quot;shutter_speed&quot;:&quot;0&quot;,&quot;title&quot;:&quot;&quot;,&quot;orientation&quot;:&quot;0&quot;}\" data-image-title=\"The_HYPE_logo_webpage_233px_height\" data-image-description=\"\" data-image-caption=\"\" data-large-file=\"https:\/\/i0.wp.com\/buildinghopesummit.org\/wp-content\/uploads\/2021\/05\/The_HYPE_logo_webpage_233px_height.png?fit=1024%2C199&amp;ssl=1\" class=\"size-full wp-image-3195 aligncenter\" src=\"https:\/\/i0.wp.com\/buildinghopesummit.org\/wp-content\/uploads\/2021\/05\/The_HYPE_logo_webpage_233px_height.png?resize=1080%2C210&#038;ssl=1\" alt=\"\" width=\"1080\" height=\"210\" srcset=\"https:\/\/buildinghopesummit.org\/wp-content\/uploads\/2021\/05\/The_HYPE_logo_webpage_233px_height.png 1196w, https:\/\/buildinghopesummit.org\/wp-content\/uploads\/2021\/05\/The_HYPE_logo_webpage_233px_height-980x191.png 980w, https:\/\/buildinghopesummit.org\/wp-content\/uploads\/2021\/05\/The_HYPE_logo_webpage_233px_height-480x94.png 480w\" sizes=\"(min-width: 0px) and (max-width: 480px) 480px, (min-width: 481px) and (max-width: 980px) 980px, (min-width: 981px) 1196px, 100vw\" \/><\/p>\n<p><img data-recalc-dims=\"1\" loading=\"lazy\" decoding=\"async\" data-attachment-id=\"3196\" data-permalink=\"https:\/\/buildinghopesummit.org\/es\/hype\/hype_header_image_winter_v2\/\" data-orig-file=\"https:\/\/i0.wp.com\/buildinghopesummit.org\/wp-content\/uploads\/2021\/05\/HYPE_Header_Image_winter_V2.png?fit=1200%2C600&amp;ssl=1\" data-orig-size=\"1200,600\" data-comments-opened=\"1\" data-image-meta=\"{&quot;aperture&quot;:&quot;0&quot;,&quot;credit&quot;:&quot;&quot;,&quot;camera&quot;:&quot;&quot;,&quot;caption&quot;:&quot;&quot;,&quot;created_timestamp&quot;:&quot;0&quot;,&quot;copyright&quot;:&quot;&quot;,&quot;focal_length&quot;:&quot;0&quot;,&quot;iso&quot;:&quot;0&quot;,&quot;shutter_speed&quot;:&quot;0&quot;,&quot;title&quot;:&quot;&quot;,&quot;orientation&quot;:&quot;0&quot;}\" data-image-title=\"HYPE_Header_Image_winter_V2\" data-image-description=\"\" data-image-caption=\"\" data-large-file=\"https:\/\/i0.wp.com\/buildinghopesummit.org\/wp-content\/uploads\/2021\/05\/HYPE_Header_Image_winter_V2.png?fit=1024%2C512&amp;ssl=1\" class=\"size-full wp-image-3196 aligncenter\" src=\"https:\/\/i0.wp.com\/buildinghopesummit.org\/wp-content\/uploads\/2021\/05\/HYPE_Header_Image_winter_V2.png?resize=1080%2C540&#038;ssl=1\" alt=\"\" width=\"1080\" height=\"540\" srcset=\"https:\/\/buildinghopesummit.org\/wp-content\/uploads\/2021\/05\/HYPE_Header_Image_winter_V2.png 1200w, https:\/\/buildinghopesummit.org\/wp-content\/uploads\/2021\/05\/HYPE_Header_Image_winter_V2-980x490.png 980w, https:\/\/buildinghopesummit.org\/wp-content\/uploads\/2021\/05\/HYPE_Header_Image_winter_V2-480x240.png 480w\" sizes=\"(min-width: 0px) and (max-width: 480px) 480px, (min-width: 481px) and (max-width: 980px) 980px, (min-width: 981px) 1200px, 100vw\" \/><\/p>\n<p>&nbsp;<\/p>\n<h3>\u00bfQu\u00e9 es el HYPE?<\/h3>\n<p>El HYPE es un programa emergente de conexi\u00f3n juvenil Building Hope que ofrece actividades y eventos gratuitos<br \/>\npara los j\u00f3venes de Summit de entre 12 y 20 a\u00f1os. Estos eventos son gratuitos y divertidos a la vez que proporcionan conexi\u00f3n y una oportunidad<br \/>\npara ganar confianza en s\u00ed mismo y un sentido m\u00e1s fuerte de s\u00ed mismo.<\/p>\n<p style=\"text-align: center;\"><a href=\"https:\/\/buildinghopesummit.org\/es\/events\/\"><img decoding=\"async\" style=\"width: 300px; height: 75px;\" src=\"https:\/\/buildinghopesummit.org\/download_file\/view_inline\/518\" alt=\"UPCOMING EVENT button.png\" \/><\/a><\/p>\n<p style=\"text-align: center;\">\n<p><img decoding=\"async\" style=\"width: 1100px; height: 65px;\" src=\"https:\/\/buildinghopesummit.org\/download_file\/view_inline\/438\" alt=\"800px Bar purple color.jpg\" \/><\/p>\n<p><a href=\"https:\/\/buildinghopesummit.org\/es\/application\/files\/5716\/0616\/2056\/Youth_resources_.pdf\/\"><img data-recalc-dims=\"1\" loading=\"lazy\" decoding=\"async\" data-attachment-id=\"3197\" data-permalink=\"https:\/\/buildinghopesummit.org\/es\/hype\/youth_stigma_school_with_resource_guide_\/\" data-orig-file=\"https:\/\/i0.wp.com\/buildinghopesummit.org\/wp-content\/uploads\/2021\/05\/Youth_Stigma_School_with_Resource_Guide_.png?fit=1100%2C500&amp;ssl=1\" data-orig-size=\"1100,500\" data-comments-opened=\"1\" data-image-meta=\"{&quot;aperture&quot;:&quot;0&quot;,&quot;credit&quot;:&quot;&quot;,&quot;camera&quot;:&quot;&quot;,&quot;caption&quot;:&quot;&quot;,&quot;created_timestamp&quot;:&quot;0&quot;,&quot;copyright&quot;:&quot;&quot;,&quot;focal_length&quot;:&quot;0&quot;,&quot;iso&quot;:&quot;0&quot;,&quot;shutter_speed&quot;:&quot;0&quot;,&quot;title&quot;:&quot;&quot;,&quot;orientation&quot;:&quot;0&quot;}\" data-image-title=\"Youth_Stigma_School_with_Resource_Guide_\" data-image-description=\"\" data-image-caption=\"\" data-large-file=\"https:\/\/i0.wp.com\/buildinghopesummit.org\/wp-content\/uploads\/2021\/05\/Youth_Stigma_School_with_Resource_Guide_.png?fit=1024%2C465&amp;ssl=1\" class=\"size-full wp-image-3197 aligncenter\" src=\"https:\/\/i0.wp.com\/buildinghopesummit.org\/wp-content\/uploads\/2021\/05\/Youth_Stigma_School_with_Resource_Guide_.png?resize=1080%2C491&#038;ssl=1\" alt=\"\" width=\"1080\" height=\"491\" srcset=\"https:\/\/buildinghopesummit.org\/wp-content\/uploads\/2021\/05\/Youth_Stigma_School_with_Resource_Guide_.png 1100w, https:\/\/buildinghopesummit.org\/wp-content\/uploads\/2021\/05\/Youth_Stigma_School_with_Resource_Guide_-980x445.png 980w, https:\/\/buildinghopesummit.org\/wp-content\/uploads\/2021\/05\/Youth_Stigma_School_with_Resource_Guide_-480x218.png 480w\" sizes=\"(min-width: 0px) and (max-width: 480px) 480px, (min-width: 481px) and (max-width: 980px) 980px, (min-width: 981px) 1100px, 100vw\" \/><\/a><\/p>\n<div style=\"text-align: center;\">\n<p style=\"color: #933d71; text-align: left;\">\n<h3 style=\"text-align: left;\"><img data-recalc-dims=\"1\" loading=\"lazy\" decoding=\"async\" data-attachment-id=\"3199\" data-permalink=\"https:\/\/buildinghopesummit.org\/es\/hype\/connect_and_reflect_chris-montgomery-smgtvepind4-unsplash-1\/\" data-orig-file=\"https:\/\/i0.wp.com\/buildinghopesummit.org\/wp-content\/uploads\/2021\/05\/connect_and_reflect_chris-montgomery-smgTvepind4-unsplash-1.jpg?fit=5184%2C3888&amp;ssl=1\" data-orig-size=\"5184,3888\" data-comments-opened=\"1\" data-image-meta=\"{&quot;aperture&quot;:&quot;0&quot;,&quot;credit&quot;:&quot;&quot;,&quot;camera&quot;:&quot;&quot;,&quot;caption&quot;:&quot;&quot;,&quot;created_timestamp&quot;:&quot;0&quot;,&quot;copyright&quot;:&quot;&quot;,&quot;focal_length&quot;:&quot;0&quot;,&quot;iso&quot;:&quot;0&quot;,&quot;shutter_speed&quot;:&quot;0&quot;,&quot;title&quot;:&quot;&quot;,&quot;orientation&quot;:&quot;0&quot;}\" data-image-title=\"connect_and_reflect_chris-montgomery-smgTvepind4-unsplash (1)\" data-image-description=\"\" data-image-caption=\"\" data-large-file=\"https:\/\/i0.wp.com\/buildinghopesummit.org\/wp-content\/uploads\/2021\/05\/connect_and_reflect_chris-montgomery-smgTvepind4-unsplash-1.jpg?fit=1024%2C768&amp;ssl=1\" class=\"wp-image-3199  alignright\" src=\"https:\/\/i0.wp.com\/buildinghopesummit.org\/wp-content\/uploads\/2021\/05\/connect_and_reflect_chris-montgomery-smgTvepind4-unsplash-1.jpg?resize=411%2C308&#038;ssl=1\" alt=\"\" width=\"411\" height=\"308\" \/><\/h3>\n<h3 style=\"text-align: left;\">Grupos de apoyo en l\u00ednea (adolescentes)<\/h3>\n<p style=\"text-align: left;\"><a href=\"https:\/\/www.livewell-foundation.org\/lwteens\">Live Well Teens, grupos semanales gratuitos de apoyo al bienestar mental<\/a><\/p>\n<p style=\"text-align: left;\"><a href=\"https:\/\/support.therapytribe.com\/teen-support-group\/\">Grupos de apoyo para adolescentes de Therapy Tribe\u00a0<\/a><\/p>\n<p style=\"text-align: left;\"><a href=\"https:\/\/teenlineonline.org\/yyp\/7-cups-tea\/\">Chat en l\u00ednea gratuito, an\u00f3nimo y confidencial con oyentes\/terapeutas formados\u00a0<\/a><\/p>\n<p style=\"text-align: left;\"><a href=\"https:\/\/al-anon.org\/newcomers\/teen-corner-alateen\">Un lugar s\u00f3lo para adolescentes afectados por el alcoholismo de otra persona<\/a><\/p>\n<p style=\"text-align: left;\">\n<p style=\"text-align: left;\"><em>Tenemos recursos y opciones para apoyarte a ti, a un ser querido, a un amigo o a un compa\u00f1ero de trabajo con necesidades de salud mental.<br \/>\nNo est\u00e1s solo y hay ayuda disponible. Visite nuestro <a href=\"https:\/\/buildinghopesummit.org\/es\/resources\/\">Recurso de salud mental <\/a>P\u00e1gina.<\/em><\/p>\n<p style=\"color: #933d71;\">\n<\/div>\n<p><img data-recalc-dims=\"1\" loading=\"lazy\" decoding=\"async\" data-attachment-id=\"3200\" data-permalink=\"https:\/\/buildinghopesummit.org\/es\/hype\/boeckayakv2-5\/\" data-orig-file=\"https:\/\/i0.wp.com\/buildinghopesummit.org\/wp-content\/uploads\/2021\/05\/BOECkayakV2-5.jpg?fit=4160%2C3120&amp;ssl=1\" data-orig-size=\"4160,3120\" data-comments-opened=\"1\" data-image-meta=\"{&quot;aperture&quot;:&quot;4.5&quot;,&quot;credit&quot;:&quot;&quot;,&quot;camera&quot;:&quot;Canon EOS 6D Mark II&quot;,&quot;caption&quot;:&quot;&quot;,&quot;created_timestamp&quot;:&quot;1592478605&quot;,&quot;copyright&quot;:&quot;&quot;,&quot;focal_length&quot;:&quot;75&quot;,&quot;iso&quot;:&quot;100&quot;,&quot;shutter_speed&quot;:&quot;0.000625&quot;,&quot;title&quot;:&quot;&quot;,&quot;orientation&quot;:&quot;0&quot;}\" data-image-title=\"BOECkayakV2-5\" data-image-description=\"\" data-image-caption=\"\" data-large-file=\"https:\/\/i0.wp.com\/buildinghopesummit.org\/wp-content\/uploads\/2021\/05\/BOECkayakV2-5.jpg?fit=1024%2C768&amp;ssl=1\" class=\"size-full wp-image-3200 aligncenter\" src=\"https:\/\/i0.wp.com\/buildinghopesummit.org\/wp-content\/uploads\/2021\/05\/BOECkayakV2-5.jpg?resize=1080%2C810&#038;ssl=1\" alt=\"\" width=\"1080\" height=\"810\" srcset=\"https:\/\/buildinghopesummit.org\/wp-content\/uploads\/2021\/05\/BOECkayakV2-5.jpg 4160w, https:\/\/buildinghopesummit.org\/wp-content\/uploads\/2021\/05\/BOECkayakV2-5-1280x960.jpg 1280w, https:\/\/buildinghopesummit.org\/wp-content\/uploads\/2021\/05\/BOECkayakV2-5-980x735.jpg 980w, https:\/\/buildinghopesummit.org\/wp-content\/uploads\/2021\/05\/BOECkayakV2-5-480x360.jpg 480w\" sizes=\"(min-width: 0px) and (max-width: 480px) 480px, (min-width: 481px) and (max-width: 980px) 980px, (min-width: 981px) and (max-width: 1280px) 1280px, (min-width: 1281px) 4160px, 100vw\" \/><\/p>\n<p>En la primavera de 2020, nuestra comunidad sufri\u00f3 una p\u00e9rdida inimaginable tras los suicidios de dos estudiantes de secundaria. En medio de las \u00f3rdenes de permanencia en el hogar COVID-19, nuestra comunidad se tambale\u00f3. \u00bfRecuerdas lo importante que era para ti ver a tus amigos cuando eras adolescente? \u00bfCharlar con tus amigos en los pasillos de la escuela o hacer ejercicio y divertirte con tu equipo escolar despu\u00e9s de clase? Los adolescentes de Summit perdieron todas estas experiencias y m\u00e1s cuando las escuelas cerraron. Mientras intentaban comprender el dolor que experimentaban los dos adolescentes que se quitaron la vida, muchos l\u00edderes de la comunidad buscaron una forma de hacer que los adolescentes se sintieran menos aislados y as\u00ed naci\u00f3 The HYPE.<\/p>\n<p><img decoding=\"async\" style=\"width: 1100px; height: 65px;\" src=\"https:\/\/buildinghopesummit.org\/download_file\/view_inline\/438\" alt=\"800px Bar purple color.jpg\" \/><\/p>\n<p style=\"text-align: center;\">Para m\u00e1s informaci\u00f3n sobre los eventos de Building Hope,<br \/>\npor favor, consulte el <a href=\"https:\/\/buildinghopesummit.org\/es\/events\/\">Calendario de eventos.<\/a><\/p>\n<p style=\"text-align: center;\">Puedes ayudar haciendo una donaci\u00f3n de cualquier tama\u00f1o o patrocinando un evento HYPE<br \/>\npor s\u00f3lo una donaci\u00f3n de $500.  Done ahora para salvar una vida.<\/p>\n<p>&nbsp;<\/p>\n<p><center>\u00a0<\/center>&nbsp;<\/p>\n<div class=\"buildinghope_button_div\" style=\"box-shadow: 0 0 5px #FFFFF; border: 1px solid #dddddd; display: inline-block !important; cursor: pointer !important; padding: 8px 25px !important; border-radius: 7px !important; text-align: center !important; font-size: 20px !important; background-color: #fb910a !important; color: #ffff !important;\"><a href=\"https:\/\/buildinghopesummit.networkforgood.com\/projects\/103054-main-giving-page\" target=\"_blank\" rel=\"noopener\">PARA DONAR<\/a><\/div>\n<p>&nbsp;<\/p>","protected":false},"excerpt":{"rendered":"<p>&nbsp; What is The HYPE? The HYPE is an emergent Building Hope youth connection program providing free activities and events for Summit youth ages 12-20. These events are free and [&hellip;]<\/p>\n","protected":false},"author":203041127,"featured_media":0,"parent":0,"menu_order":0,"comment_status":"closed","ping_status":"closed","template":"","meta":{"_et_pb_use_builder":"","_et_pb_old_content":"","_et_gb_content_width":"","advanced_seo_description":"","jetpack_seo_html_title":"","jetpack_seo_noindex":false,"jetpack_post_was_ever_published":false,"footnotes":""},"class_list":["post-3044","page","type-page","status-publish","hentry"],"jetpack_likes_enabled":true,"jetpack_sharing_enabled":true,"jetpack_shortlink":"https:\/\/wp.me\/PcRpks-N6","_links":{"self":[{"href":"https:\/\/buildinghopesummit.org\/es\/wp-json\/wp\/v2\/pages\/3044","targetHints":{"allow":["GET"]}}],"collection":[{"href":"https:\/\/buildinghopesummit.org\/es\/wp-json\/wp\/v2\/pages"}],"about":[{"href":"https:\/\/buildinghopesummit.org\/es\/wp-json\/wp\/v2\/types\/page"}],"author":[{"embeddable":true,"href":"https:\/\/buildinghopesummit.org\/es\/wp-json\/wp\/v2\/users\/203041127"}],"replies":[{"embeddable":true,"href":"https:\/\/buildinghopesummit.org\/es\/wp-json\/wp\/v2\/comments?post=3044"}],"version-history":[{"count":5,"href":"https:\/\/buildinghopesummit.org\/es\/wp-json\/wp\/v2\/pages\/3044\/revisions"}],"predecessor-version":[{"id":3201,"href":"https:\/\/buildinghopesummit.org\/es\/wp-json\/wp\/v2\/pages\/3044\/revisions\/3201"}],"wp:attachment":[{"href":"https:\/\/buildinghopesummit.org\/es\/wp-json\/wp\/v2\/media?parent=3044"}],"curies":[{"name":"wp","href":"https:\/\/api.w.org\/{rel}","templated":true}]}}